{"id":8,"date":"2024-03-14T09:48:52","date_gmt":"2024-03-14T09:48:52","guid":{"rendered":"https:\/\/intelmedia.hu\/?page_id=8"},"modified":"2025-07-11T08:25:31","modified_gmt":"2025-07-11T08:25:31","slug":"konyveles","status":"publish","type":"page","link":"https:\/\/www.intelmedia.hu\/?page_id=8","title":{"rendered":"K\u00f6nyvel\u00e9s"},"content":{"rendered":"<div class=\"col-md-7\">\n<div class=\"content\">\n<h5>Havi rendszeres k\u00f6nyvel\u00e9s, b\u00e9rsz\u00e1mfejt\u00e9s \u00e9s ad\u00f3bevall\u00e1s k\u00e9sz\u00edt\u00e9s olyan v\u00e1llalkoz\u00f3knak \u00e9s c\u00e9geknek, akik nem szeretn\u00e9nek foglalkozni az ad\u00f3z\u00e1ssal, a k\u00f6nyvel\u00e9ssel \u00e9s a p\u00e9nz\u00fcgyi adminisztr\u00e1ci\u00f3val. A v\u00e1llalkoz\u00e1s teljes p\u00e9nz\u00fcgyi- \u00e9s k\u00f6nyvel\u00e9si adminisztr\u00e1ci\u00f3ja a sz\u00e1ml\u00e1z\u00e1st\u00f3l az \u00e9vz\u00e1r\u00e1sig, az \u00d6n egyedi ig\u00e9nyei \u00e1ltal \u00f6ssze\u00e1ll\u00edtott szolg\u00e1ltat\u00e1scsomaggal.<\/h5>\n<h2 class=\"card-title\">Egy\u00e9ni V\u00e1llalkoz\u00e1sok Elind\u00edt\u00e1sa<\/h2>\n<p>\u00daj egy\u00e9ni v\u00e1llalkoz\u00e1s megalap\u00edt\u00e1sa bejelent\u00e9s\u00e9vel kapcsolatos dokument\u00e1ci\u00f3k elk\u00e9sz\u00edt\u00e9se. V\u00e1llalkoz\u00e1s teljes k\u00f6r\u0171 elind\u00edt\u00e1sa hivatali szervek fel\u00e9<\/p>\n<div class=\"col-md-7\">\n<div class=\"content\">\n<div class=\"col-md-7\">\n<h2 class=\"content\">\u00c1tal\u00e1nyad\u00f3z\u00f3 K\u00f6nyvel\u00e9se<\/h2>\n<p>Bej\u00f6v\u0151 sz\u00e1ml\u00e1k k\u00f6nyvel\u00e9se p\u00e9nzt\u00e1rk\u00f6nyv vezet\u00e9s\u00e9vel, Bevall\u00e1sok elk\u00e9sz\u00edt\u00e9se \u00e9s bead\u00e1sa, B\u00e9rsz\u00e1mfejt\u00e9s (1 f\u0151), IPA bevall\u00e1s elk\u00e9sz\u00edt\u00e9se, Ad\u00f3hat\u00f3s\u00e1g el\u0151tti k\u00e9pviselet, Ad\u00f3foly\u00f3sz\u00e1ml\u00e1k egyeztet\u00e9se<\/p>\n<div class=\"col-md-7\">\n<div class=\"content\">\n<h2 class=\"card-title\">Kata Ad\u00f3z\u00e1s K\u00f6nyvel\u00e9se<\/h2>\n<p>Bev\u00e9teli nyilv\u00e1ntart\u00e1s vezet\u00e9se, Bevall\u00e1sok elk\u00e9sz\u00edt\u00e9se \u00e9s bead\u00e1sa, Kata keretfigyel\u00e9s, Ad\u00f3hat\u00f3s\u00e1g el\u0151tti k\u00e9pviselet, Ad\u00f3foly\u00f3sz\u00e1ml\u00e1k egyeztet\u00e9se<\/p>\n<\/div>\n<\/div>\n<\/div>\n<\/div>\n<\/div>\n<\/div>\n<\/div>\n","protected":false},"excerpt":{"rendered":"<p>Havi rendszeres k\u00f6nyvel\u00e9s, b\u00e9rsz\u00e1mfejt\u00e9s \u00e9s ad\u00f3bevall\u00e1s k\u00e9sz\u00edt\u00e9s olyan v\u00e1llalkoz\u00f3knak \u00e9s c\u00e9geknek, akik nem szeretn\u00e9nek foglalkozni az ad\u00f3z\u00e1ssal, a k\u00f6nyvel\u00e9ssel \u00e9s a p\u00e9nz\u00fcgyi adminisztr\u00e1ci\u00f3val. A v\u00e1llalkoz\u00e1s teljes p\u00e9nz\u00fcgyi- \u00e9s k\u00f6nyvel\u00e9si adminisztr\u00e1ci\u00f3ja a sz\u00e1ml\u00e1z\u00e1st\u00f3l az \u00e9vz\u00e1r\u00e1sig, az \u00d6n egyedi ig\u00e9nyei \u00e1ltal \u00f6ssze\u00e1ll\u00edtott szolg\u00e1ltat\u00e1scsomaggal. Egy\u00e9ni V\u00e1llalkoz\u00e1sok Elind\u00edt\u00e1sa \u00daj egy\u00e9ni v\u00e1llalkoz\u00e1s megalap\u00edt\u00e1sa bejelent\u00e9s\u00e9vel kapcsolatos dokument\u00e1ci\u00f3k elk\u00e9sz\u00edt\u00e9se. V\u00e1llalkoz\u00e1s teljes k\u00f6r\u0171 [&hellip;]<\/p>\n","protected":false},"author":1,"featured_media":0,"parent":0,"menu_order":0,"comment_status":"closed","ping_status":"closed","template":"","meta":{"footnotes":""},"class_list":["post-8","page","type-page","status-publish","hentry"],"_links":{"self":[{"href":"https:\/\/www.intelmedia.hu\/index.php?rest_route=\/wp\/v2\/pages\/8","targetHints":{"allow":["GET"]}}],"collection":[{"href":"https:\/\/www.intelmedia.hu\/index.php?rest_route=\/wp\/v2\/pages"}],"about":[{"href":"https:\/\/www.intelmedia.hu\/index.php?rest_route=\/wp\/v2\/types\/page"}],"author":[{"embeddable":true,"href":"https:\/\/www.intelmedia.hu\/index.php?rest_route=\/wp\/v2\/users\/1"}],"replies":[{"embeddable":true,"href":"https:\/\/www.intelmedia.hu\/index.php?rest_route=%2Fwp%2Fv2%2Fcomments&post=8"}],"version-history":[{"count":8,"href":"https:\/\/www.intelmedia.hu\/index.php?rest_route=\/wp\/v2\/pages\/8\/revisions"}],"predecessor-version":[{"id":30,"href":"https:\/\/www.intelmedia.hu\/index.php?rest_route=\/wp\/v2\/pages\/8\/revisions\/30"}],"wp:attachment":[{"href":"https:\/\/www.intelmedia.hu\/index.php?rest_route=%2Fwp%2Fv2%2Fmedia&parent=8"}],"curies":[{"name":"wp","href":"https:\/\/api.w.org\/{rel}","templated":true}]}}