{"id":10,"date":"2024-03-14T09:49:08","date_gmt":"2024-03-14T09:49:08","guid":{"rendered":"https:\/\/intelmedia.hu\/?page_id=10"},"modified":"2025-07-11T08:25:37","modified_gmt":"2025-07-11T08:25:37","slug":"munkaugy-penzugy","status":"publish","type":"page","link":"https:\/\/www.intelmedia.hu\/?page_id=10","title":{"rendered":"Munka\u00fcgy, p\u00e9nz\u00fcgy"},"content":{"rendered":"<h2><span class=\"html-span xdj266r x14z9mp xat24cr x1lziwak xexx8yu xyri2b x18d9i69 x1c1uobl x1hl2dhg x16tdsg8 x1vvkbs x4k7w5x x1h91t0o x1h9r5lt x1jfb8zj xv2umb2 x1beo9mf xaigb6o x12ejxvf x3igimt xarpa2k xedcshv x1lytzrv x1t2pt76 x7ja8zs x1qrby5j\"><span class=\"x193iq5w xeuugli x13faqbe x1vvkbs x1xmvt09 x1lliihq x1s928wv xhkezso x1gmr53x x1cpjm7i x1fgarty x1943h6x xudqn12 x3x7a5m x6prxxf xvq8zen xo1l8bm xzsf02u\" dir=\"auto\">P\u00e9nz\u00fcgyi \u00e9s k\u00f6nyvel\u00e9si asszisztens, b\u00e9rsz\u00e1mfejt\u0151<\/span><\/span> feladatokat is v\u00e1llalunk<\/h2>\n","protected":false},"excerpt":{"rendered":"<p>P\u00e9nz\u00fcgyi \u00e9s k\u00f6nyvel\u00e9si asszisztens, b\u00e9rsz\u00e1mfejt\u0151 feladatokat is v\u00e1llalunk<\/p>\n","protected":false},"author":1,"featured_media":0,"parent":0,"menu_order":0,"comment_status":"closed","ping_status":"closed","template":"","meta":{"footnotes":""},"class_list":["post-10","page","type-page","status-publish","hentry"],"_links":{"self":[{"href":"https:\/\/www.intelmedia.hu\/index.php?rest_route=\/wp\/v2\/pages\/10","targetHints":{"allow":["GET"]}}],"collection":[{"href":"https:\/\/www.intelmedia.hu\/index.php?rest_route=\/wp\/v2\/pages"}],"about":[{"href":"https:\/\/www.intelmedia.hu\/index.php?rest_route=\/wp\/v2\/types\/page"}],"author":[{"embeddable":true,"href":"https:\/\/www.intelmedia.hu\/index.php?rest_route=\/wp\/v2\/users\/1"}],"replies":[{"embeddable":true,"href":"https:\/\/www.intelmedia.hu\/index.php?rest_route=%2Fwp%2Fv2%2Fcomments&post=10"}],"version-history":[{"count":2,"href":"https:\/\/www.intelmedia.hu\/index.php?rest_route=\/wp\/v2\/pages\/10\/revisions"}],"predecessor-version":[{"id":34,"href":"https:\/\/www.intelmedia.hu\/index.php?rest_route=\/wp\/v2\/pages\/10\/revisions\/34"}],"wp:attachment":[{"href":"https:\/\/www.intelmedia.hu\/index.php?rest_route=%2Fwp%2Fv2%2Fmedia&parent=10"}],"curies":[{"name":"wp","href":"https:\/\/api.w.org\/{rel}","templated":true}]}}